{"id":369,"date":"2023-11-02T13:52:37","date_gmt":"2023-11-02T13:52:37","guid":{"rendered":"https:\/\/korban.mcmillanfreelance.ca\/a-propos-de-nous\/"},"modified":"2024-06-24T18:12:13","modified_gmt":"2024-06-24T18:12:13","slug":"a-propos","status":"publish","type":"page","link":"https:\/\/korbanltd.com\/fr\/a-propos\/","title":{"rendered":"\u00c0 Propos"},"content":{"rendered":"\n    <div  class=\"c-section c-section--lg c-section--69d6f0d167116  c-section--md has-black-background-color c-section--overlapOffset\" style=\"background-image: url('https:\/\/korbanltd.com\/wp-content\/uploads\/2023\/11\/about-hero.jpg'); \">\n                    <span class=\"c-section__overlay\" style=\"background-color:#000000\"><\/span>\n                <div class=\"u-wc \">\n            \n\n<h1 class=\"wp-block-heading has-text-align-center is-style-medium\">\u00e0 propos<\/h1>\n\n\n        <\/div>\n    <\/div>\n\n\n\n    <div  class=\"c-section c-section--69d6f0d17c666  c-section--noTopPadding c-section--md\" style=\" \">\n                <div class=\"u-wc \">\n            \n\n    <div  class=\"c-section c-section--69d6f0d1768a9  c-section--topOverlap c-section--md has-black-background-color c-section--clipped\" style=\" \">\n                <div class=\"u-wc \">\n            \n\n<div class=\"wp-block-columns u-sm-mobileColSpacing is-layout-flex wp-block-columns-is-layout-flex\">\n<div class=\"wp-block-column is-layout-flow wp-block-column-is-layout-flow\" style=\"flex-basis:24.33%\">\n<h2 class=\"wp-block-heading\">Nos racines<\/h2>\n<\/div>\n\n\n\n<div class=\"wp-block-column is-layout-flow wp-block-column-is-layout-flow\" style=\"flex-basis:68.66%\">\n<p class=\"has-lg-font-size\">Notre histoire commence il y a 48 ans, en 1976, avec notre fondateur, Denis Lefebvre, et sa vision de cr\u00e9er le meilleure entreprise de Syst\u00e8me Int\u00e9rieurs possible a Ottawa pour r\u00e9pondre \u00e0 la croissance du march\u00e9. Fort des connaissances acquises lors de ses premi\u00e8res exp\u00e9riences dans la construction avec son p\u00e8re, Roland Lefebvre, il lance sa premi\u00e8re entreprise.<\/p>\n\n\n\n<p>Tr\u00e8s rapidement, l&rsquo;engagement de l&rsquo;entreprise en faveur de la qualit\u00e9, du professionalisme de nos \u00e9quipes et de l&rsquo;\u00e9thique du travail a \u00e9t\u00e9 remarqu\u00e9 par la communaut\u00e9 des entrepreneurs g\u00e9n\u00e9raux d&rsquo;Ottawa. Notre soci\u00e9t\u00e9 a particip\u00e9 \u00e0 la cr\u00e9ation de nombreux b\u00e2timents embl\u00e9matiques de cette ville &#8211; le Mus\u00e9e des beaux-arts du Canada, le Mus\u00e9e canadien des civilisations et plusieurs des plus beaux exemples d&rsquo;immeubles r\u00e9sidentiels, de tours d&rsquo;habitation, de b\u00e2timents commerciaux, culturels et institutionnels de l&rsquo;Ontario.<\/p>\n<\/div>\n<\/div>\n\n\n        <\/div>\n    <\/div>\n\n\n\n<div class=\"wp-block-columns is-layout-flex wp-block-columns-is-layout-flex\">\n<div class=\"wp-block-column is-layout-flow wp-block-column-is-layout-flow\" style=\"flex-basis:66.66%\">\n<h2 class=\"wp-block-heading\">POURSUIVRE L&rsquo;H\u00c9RITAGE<\/h2>\n\n\n\n<p>Korban, une entreprise familiale, confie avec confiance son avenir \u00e0 Patrick Lefebvre, qui s\u2019est impr\u00e9gn\u00e9 de la sagesse de son p\u00e8re, Denis Lefebvre, fondateur de l\u2019entreprise. Leur engagement durable en faveur d\u2019un service exceptionnel et de produits de qualit\u00e9 reste in\u00e9branlable. Avec une \u00e9quipe hautement qualifi\u00e9e dans les domaines de la gestion de la construction, de l\u2019am\u00e9nagement int\u00e9rieur et des cloisons s\u00e8ches, nous sommes fiers de nos partenariats solides avec la communaut\u00e9 des entreprises d\u2019Ottawa et de nos contributions aux d\u00e9veloppements vitaux de la ville.<\/p>\n\n\n\n<p>En collaboration avec des architectes et des designers de premier plan, nous r\u00e9alisons avec pr\u00e9cision divers projets, y compris des am\u00e9nagements int\u00e9rieurs complexes. Notre expertise s\u2019illustre dans des projets d\u2019ing\u00e9nierie critiques, dans des conditions contr\u00f4l\u00e9es, r\u00e9pondant \u00e0 des sp\u00e9cifications rigoureuses. Nous travaillons habilement dans des environnements difficiles, en assurant la continuit\u00e9 et la s\u00e9curit\u00e9 des activit\u00e9s, m\u00eame autour d\u2019\u00e9quipements sensibles et de r\u00e9seaux technologiques complexes. Korban continue de fixer les normes du secteur.<\/p>\n<\/div>\n\n\n\n<div class=\"wp-block-column is-layout-flow wp-block-column-is-layout-flow\" style=\"flex-basis:33.33%\">\n<h3 class=\"wp-block-heading\">TRAVAILLER ENSEMBLE<\/h3>\n\n\n\n<ul class=\"is-style-check-list-large wp-block-list\">\n<li>Communication sans faille<\/li>\n\n\n\n<li>Prix Budg\u00e9taire<\/li>\n\n\n\n<li>Travailleurs Qualifi\u00e9<\/li>\n\n\n\n<li>Gestion de Chantier<\/li>\n\n\n\n<li>Travaille de qualit\u00e9 \u00e0 chaque fois<\/li>\n<\/ul>\n<\/div>\n<\/div>\n\n\n\n    <div  class=\"c-section c-section--69d6f0d17b2b4  u-fullRight u-line-style-5 c-section--md has-primary-100-background-color\" style=\" \">\n                <div class=\"u-wc \">\n            \n\n<h3 class=\"wp-block-heading\">Nos partenaires<\/h3>\n\n\n\n\n<div class=\"c-partnerLogos\">\n\t\t\t\t\t\t\t\t<div class=\"c-partnerLogos__item\">\n\t\t\t\t\t<img loading=\"lazy\" decoding=\"async\" width=\"424\" height=\"278\" src=\"https:\/\/korbanltd.com\/wp-content\/uploads\/2023\/11\/logo4.jpg\" class=\"attachment-full size-full\" alt=\"\" srcset=\"https:\/\/korbanltd.com\/wp-content\/uploads\/2023\/11\/logo4.jpg 424w, https:\/\/korbanltd.com\/wp-content\/uploads\/2023\/11\/logo4-300x197.jpg 300w\" sizes=\"auto, (max-width: 424px) 100vw, 424px\" \/>\t\t\t\t<\/div>\n\t\t\t\t\t\t\t<div class=\"c-partnerLogos__item\">\n\t\t\t\t\t<img loading=\"lazy\" decoding=\"async\" width=\"424\" height=\"278\" src=\"https:\/\/korbanltd.com\/wp-content\/uploads\/2023\/11\/logo1.jpg\" class=\"attachment-full size-full\" alt=\"\" srcset=\"https:\/\/korbanltd.com\/wp-content\/uploads\/2023\/11\/logo1.jpg 424w, https:\/\/korbanltd.com\/wp-content\/uploads\/2023\/11\/logo1-300x197.jpg 300w\" sizes=\"auto, (max-width: 424px) 100vw, 424px\" \/>\t\t\t\t<\/div>\n\t\t\t\t\t\t\t<div class=\"c-partnerLogos__item\">\n\t\t\t\t\t<img loading=\"lazy\" decoding=\"async\" width=\"424\" height=\"278\" src=\"https:\/\/korbanltd.com\/wp-content\/uploads\/2023\/11\/logo2.jpg\" class=\"attachment-full size-full\" alt=\"\" srcset=\"https:\/\/korbanltd.com\/wp-content\/uploads\/2023\/11\/logo2.jpg 424w, https:\/\/korbanltd.com\/wp-content\/uploads\/2023\/11\/logo2-300x197.jpg 300w\" sizes=\"auto, (max-width: 424px) 100vw, 424px\" \/>\t\t\t\t<\/div>\n\t\t\t\t\t\t\t<div class=\"c-partnerLogos__item\">\n\t\t\t\t\t<img loading=\"lazy\" decoding=\"async\" width=\"424\" height=\"278\" src=\"https:\/\/korbanltd.com\/wp-content\/uploads\/2023\/11\/logo3.jpg\" class=\"attachment-full size-full\" alt=\"\" srcset=\"https:\/\/korbanltd.com\/wp-content\/uploads\/2023\/11\/logo3.jpg 424w, https:\/\/korbanltd.com\/wp-content\/uploads\/2023\/11\/logo3-300x197.jpg 300w\" sizes=\"auto, (max-width: 424px) 100vw, 424px\" \/>\t\t\t\t<\/div>\n\t\t\t\t\t\t\t<div class=\"c-partnerLogos__item\">\n\t\t\t\t\t<img loading=\"lazy\" decoding=\"async\" width=\"424\" height=\"278\" src=\"https:\/\/korbanltd.com\/wp-content\/uploads\/2023\/11\/logo5.jpg\" class=\"attachment-full size-full\" alt=\"\" srcset=\"https:\/\/korbanltd.com\/wp-content\/uploads\/2023\/11\/logo5.jpg 424w, https:\/\/korbanltd.com\/wp-content\/uploads\/2023\/11\/logo5-300x197.jpg 300w\" sizes=\"auto, (max-width: 424px) 100vw, 424px\" \/>\t\t\t\t<\/div>\n\t\t\t\t<\/div>\n\n        <\/div>\n    <\/div>\n\n\n\n\t\n<div class=\"c-imgSlider \">\n\n\t<div class=\"c-imgSlider__slider owl-carousel owl-theme\">\n\n\t\t\n\t<\/div>\n\n<\/div>\n\n\n\n\n        <\/div>\n    <\/div>\n\n\n\n    <div id='careers' class=\"c-section c-section--69d6f0d17d17a  u-line-style-3 c-section--md has-primary-100-background-color\" style=\" \">\n                <div class=\"u-wc \">\n            \n\n<h2 class=\"wp-block-heading has-text-align-center\">Rejoindre notre \u00e9quipe<\/h2>\n\n\n\n<p class=\"has-text-align-center is-style-medium has-lg-font-size\">D\u00e9couvrez une carri\u00e8re enrichissante au sein d&rsquo;une entreprise de construction bien \u00e9tablie et faites partie de notre personnel d\u00e9vou\u00e9, qui s&rsquo;engage \u00e0 cr\u00e9er des structures qui r\u00e9sistent \u00e0 l&rsquo;\u00e9preuve du temps.<\/p>\n\n\n\n<div class=\"wp-block-contact-form-7-contact-form-selector has-white-background-color\">\n<div class=\"wpcf7 no-js\" id=\"wpcf7-f379-o1\" lang=\"fr-FR\" dir=\"ltr\">\n<div class=\"screen-reader-response\"><p role=\"status\" aria-live=\"polite\" aria-atomic=\"true\"><\/p> <ul><\/ul><\/div>\n<form action=\"\/fr\/wp-json\/wp\/v2\/pages\/369#wpcf7-f379-o1\" method=\"post\" class=\"wpcf7-form init\" aria-label=\"Formulaire de contact\" novalidate=\"novalidate\" data-status=\"init\">\n<div style=\"display: none;\">\n<input type=\"hidden\" name=\"_wpcf7\" value=\"379\" \/>\n<input type=\"hidden\" name=\"_wpcf7_version\" value=\"5.8.4\" \/>\n<input type=\"hidden\" name=\"_wpcf7_locale\" value=\"fr_FR\" \/>\n<input type=\"hidden\" name=\"_wpcf7_unit_tag\" value=\"wpcf7-f379-o1\" \/>\n<input type=\"hidden\" name=\"_wpcf7_container_post\" value=\"0\" \/>\n<input type=\"hidden\" name=\"_wpcf7_posted_data_hash\" value=\"\" \/>\n<input type=\"hidden\" name=\"_wpcf7_recaptcha_response\" value=\"\" \/>\n<\/div>\n<label>Nom*<\/label>\n<span class=\"wpcf7-form-control-wrap\" data-name=\"your-name\"><input size=\"40\" class=\"wpcf7-form-control wpcf7-text wpcf7-validates-as-required\" aria-required=\"true\" aria-invalid=\"false\" placeholder=\"Saisissez votre nom complet\" value=\"\" type=\"text\" name=\"your-name\" \/><\/span>\n\n<div class=\"c-inputCols\">\n<div class=\"c-inputCol\">\n<label>Courriel*<\/label>\n<span class=\"wpcf7-form-control-wrap\" data-name=\"your-email\"><input size=\"40\" class=\"wpcf7-form-control wpcf7-email wpcf7-validates-as-required wpcf7-text wpcf7-validates-as-email\" aria-required=\"true\" aria-invalid=\"false\" placeholder=\"Votre adresse e-mail\" value=\"\" type=\"email\" name=\"your-email\" \/><\/span>\n<\/div>\n<div class=\"c-inputCol\">\n<label>Num\u00e9ro de t\u00e9l\u00e9phone<\/label>\n<span class=\"wpcf7-form-control-wrap\" data-name=\"your-phone\"><input size=\"40\" class=\"wpcf7-form-control wpcf7-text\" aria-invalid=\"false\" placeholder=\"XXX-XXX-XXXX\" value=\"\" type=\"text\" name=\"your-phone\" \/><\/span>\n<\/div>\n<\/div>\n<label>Curriculum vitae<\/label>\n<span class=\"wpcf7-form-control-wrap\" data-name=\"resume\"><input size=\"40\" class=\"wpcf7-form-control wpcf7-drag-n-drop-file d-none\" aria-invalid=\"false\" type=\"file\" multiple=\"multiple\" data-name=\"resume\" data-id=\"379\" data-version=\"free version 1.3.7.4\" accept=\".\" \/><\/span>\n<label>Message<\/label>\n<span class=\"wpcf7-form-control-wrap\" data-name=\"message\"><textarea cols=\"40\" rows=\"10\" class=\"wpcf7-form-control wpcf7-textarea\" aria-invalid=\"false\" name=\"message\"><\/textarea><\/span>\n\n<button type=\"submit\" class=\"wpcf7-form-control wpcf7-submit wp-block-button__link\">Soumettre la demande<\/button><div class=\"wpcf7-response-output\" aria-hidden=\"true\"><\/div>\n<\/form>\n<\/div>\n<\/div>\n\n\n        <\/div>\n    <\/div>\n","protected":false},"excerpt":{"rendered":"","protected":false},"author":1,"featured_media":0,"parent":0,"menu_order":0,"comment_status":"closed","ping_status":"closed","template":"","meta":{"inline_featured_image":false,"footnotes":""},"class_list":["post-369","page","type-page","status-publish","hentry"],"acf":[],"_links":{"self":[{"href":"https:\/\/korbanltd.com\/fr\/wp-json\/wp\/v2\/pages\/369","targetHints":{"allow":["GET"]}}],"collection":[{"href":"https:\/\/korbanltd.com\/fr\/wp-json\/wp\/v2\/pages"}],"about":[{"href":"https:\/\/korbanltd.com\/fr\/wp-json\/wp\/v2\/types\/page"}],"author":[{"embeddable":true,"href":"https:\/\/korbanltd.com\/fr\/wp-json\/wp\/v2\/users\/1"}],"replies":[{"embeddable":true,"href":"https:\/\/korbanltd.com\/fr\/wp-json\/wp\/v2\/comments?post=369"}],"version-history":[{"count":26,"href":"https:\/\/korbanltd.com\/fr\/wp-json\/wp\/v2\/pages\/369\/revisions"}],"predecessor-version":[{"id":796,"href":"https:\/\/korbanltd.com\/fr\/wp-json\/wp\/v2\/pages\/369\/revisions\/796"}],"wp:attachment":[{"href":"https:\/\/korbanltd.com\/fr\/wp-json\/wp\/v2\/media?parent=369"}],"curies":[{"name":"wp","href":"https:\/\/api.w.org\/{rel}","templated":true}]}}