{"id":367,"date":"2023-11-02T13:50:24","date_gmt":"2023-11-02T13:50:24","guid":{"rendered":"https:\/\/korban.mcmillanfreelance.ca\/accueil\/"},"modified":"2025-02-06T18:57:34","modified_gmt":"2025-02-06T18:57:34","slug":"accueil__trashed","status":"publish","type":"page","link":"https:\/\/korbanltd.com\/fr\/","title":{"rendered":"Accueil"},"content":{"rendered":"\n    <div  class=\"c-section c-section--69d6db247af7a  c-section--noBottomPadding c-section--md has-black-background-color\" style=\" \">\n                <div class=\"u-wc \">\n            \n\n<div class=\"wp-block-columns are-vertically-aligned-center is-layout-flex wp-block-columns-is-layout-flex\">\n<div class=\"wp-block-column is-vertically-aligned-center is-layout-flow wp-block-column-is-layout-flow\" style=\"flex-basis:66.66%\">\n<h1 class=\"wp-block-heading\">Entrepreneur en <mark style=\"background-color:#527F56\" class=\"has-inline-color\">Syst\u00e8me Int\u00e9rieur<\/mark><\/h1>\n<\/div>\n\n\n\n<div class=\"wp-block-column is-vertically-aligned-center is-layout-flow wp-block-column-is-layout-flow\" style=\"flex-basis:33.33%\">\n<p class=\"is-style-tag\">Depuis 1976<\/p>\n\n\n\n<h5 class=\"wp-block-heading\">Commercial, immeubles de grande hauteur,<br>R\u00e9sidentiel, Institutionnel,<br>Communaut\u00e9, Maisons de retraite et Appartements.<\/h5>\n<\/div>\n<\/div>\n\n\n\n\n\n\t  \n\t\t\t\t\n\t\t\t\t\t\t\t\n\t\t\t\t\t<div class=\"c-latestProject\">\n\t\t\t\t\t\t<img decoding=\"async\" class=\"c-latestProject__thumb\" src=\"https:\/\/korbanltd.com\/wp-content\/uploads\/2023\/11\/Recollective-2-1-1600x985.jpg\" alt=\"Recollective Am\u00e9nagement Espace de bureau\">\n\t\t\t\t\t\t<div class=\"c-latestProject__linkPosition\">\n\t\t\t\t\t\t\t<a class=\"c-latestProject__link\" href=\"https:\/\/korbanltd.com\/fr\/projects\/amenagement-dun-bureau-en-vue-dune-reflexion\/\">\n\t\t\t\t\t\t\t\t<h4>Recollective Am\u00e9nagement Espace de bureau<\/h4>\n\t\t\t\t\t\t\t\t<span class=\"c-latestProject__arrow\">\n\t\t\t\t\t\t\t\t\t<svg width=\"16.133749\" height=\"16.13275\" viewBox=\"0 0 16.13375 16.132749\" version=\"1.1\">\n\t\t\t\t\t\t\t\t\t\t<g transform=\"translate(-1231.6323,-1075.633)\" id=\"g6\">\n\t\t\t\t\t\t\t\t\t\t\t<path d=\"m 16.133,0.687 v 10.436 a 0.687,0.687 0 0 1 -1.374,0 V 2.346 L 1.173,15.931 A 0.68730816,0.68730816 0 0 1 0.2,14.96 L 13.787,1.374 H 5.01 A 0.687,0.687 0 1 1 5.01,0 h 10.435 a 0.687,0.687 0 0 1 0.687,0.687 z\" transform=\"translate(1231.633,1075.633)\"  \/>\n\t\t\t\t\t\t\t\t\t\t<\/g>\n\t\t\t\t\t\t\t\t\t<\/svg>\n\t\t\t\t\t\t\t\t<\/span> \n\t\t\t\t\t\t\t<\/a>\n\t\t\t\t\t\t<\/div>\n\t\t\t\t\t<\/div>\n\t\t\t\t\n\t\t\t\t\n\n\n\n        <\/div>\n    <\/div>\n\n\n\n    <div  class=\"c-section c-section--69d6db2484cf8  c-section--md\" style=\" \">\n                <div class=\"u-wc \">\n            \n\n    <div  class=\"c-section c-section--69d6db247ebcc  c-section--md has-primary-500-background-color c-section--clipped\" style=\" \">\n                <div class=\"u-wc \">\n            \n\n<div class=\"wp-block-columns u-sm-mobileColSpacing is-layout-flex wp-block-columns-is-layout-flex\">\n<div class=\"wp-block-column is-layout-flow wp-block-column-is-layout-flow\" style=\"flex-basis:33.33%\">\n<h2 class=\"wp-block-heading\">Notre expertise<\/h2>\n<\/div>\n\n\n\n<div class=\"wp-block-column is-layout-flow wp-block-column-is-layout-flow\" style=\"flex-basis:66.66%\">\n<p class=\"has-md-font-size\">Nous sommes l\u2019un des plus grands entrepreneurs en syst\u00e8mes int\u00e9rieurs de la r\u00e9gion de la Capitale Nationale. Nous menons l\u2019industrie avec des principes fondamentaux d\u2019honn\u00eatet\u00e9, d\u2019int\u00e9grit\u00e9 et de travail acharn\u00e9. Nous avons d\u2019ailleurs d\u00e9j\u00e0 r\u00e9alis\u00e9 des milliers de projets pour les plus grands promoteurs et constructeurs. Nos innombrables projets comptent parmi d\u2019autres des b\u00e2timents institutionnels, commerciaux, de vente au d\u00e9tail ou r\u00e9sidentiels de toute envergure, qu\u2019ils soient gratte-ciel, des immeubles de hauteur moyenne, \u00e0 un \u00e9tage, \u00e0 usage unique, multiple, \u00e0 plusieurs logements ou unifamilial. Chacun des membres de l\u2019\u00e9quipe Korban est d\u00e9di\u00e9 au succ\u00e8s de chaque projet en s\u2019engageant \u00e0 accomplir un travail de qualit\u00e9 tout en fournissant un service exceptionnel et fiable. Nos compagnons et gestionnaires de chantier qualifi\u00e9s et comp\u00e9tents fondent les \u00e9quipes de travail au sein de notre succ\u00e8s. De l\u2019est \u00e0 l\u2019ouest, nous travaillons avec vous pour vous.<\/p>\n<\/div>\n<\/div>\n\n\n        <\/div>\n    <\/div>\n\n\n\n<h2 class=\"wp-block-heading\">Projets<\/h2>\n\n\n\n\n\n\t\n\n\t\t\t<div class=\"c-projectItems\">  \n\t\t\t\t\n\t\t\t\t\n\t\t\t\n\t\t\t\t\t<div class=\"c-projectItem\">\n\t<div class=\"c-projectItem__top\">\n\t\t<div class=\"c-projectItem__tags\">\n\t\t\t\t\t\t\t<a class=\"c-tag\" href=\"https:\/\/korbanltd.com\/fr\/project-type\/institutionnel\/\">Institutionnel<\/a>\n\t\t\t\t\t<\/div>\n\t\t<a class=\"c-projectItem__thumb\" href=\"https:\/\/korbanltd.com\/fr\/projects\/musee-canadien-de-lhistoire\/\">\n\t\t\t<img decoding=\"async\" src=\"https:\/\/korbanltd.com\/wp-content\/uploads\/2023\/11\/canadian-museum-history-large-1024x630.jpg\" alt=\"Mus\u00e9e canadien de l&rsquo;histoire\">\n\t\t\t<span class=\"c-projectItem__arrow\">\n\t\t\t\t<svg width=\"16.133749\" height=\"16.13275\" viewBox=\"0 0 16.13375 16.132749\" version=\"1.1\">\n\t\t\t\t\t<g transform=\"translate(-1231.6323,-1075.633)\" id=\"g6\">\n\t\t\t\t\t\t<path d=\"m 16.133,0.687 v 10.436 a 0.687,0.687 0 0 1 -1.374,0 V 2.346 L 1.173,15.931 A 0.68730816,0.68730816 0 0 1 0.2,14.96 L 13.787,1.374 H 5.01 A 0.687,0.687 0 1 1 5.01,0 h 10.435 a 0.687,0.687 0 0 1 0.687,0.687 z\" transform=\"translate(1231.633,1075.633)\"  \/>\n\t\t\t\t\t<\/g>\n\t\t\t\t<\/svg>\n\t\t\t<\/span>\n\t\t<\/a>\n\t<\/div>\n\t<div class=\"c-projectItem__bottom\">\n\t\t<span class=\"c-projectItem__count\"><\/span>\n\t\t<div class=\"c-projectItem__details\">\n\t\t\t<h4><a href=\"https:\/\/korbanltd.com\/fr\/projects\/musee-canadien-de-lhistoire\/\">Mus\u00e9e canadien de l&rsquo;histoire<\/a><\/h4>\n\t\t\t<p>Mus\u00e9e national situ\u00e9 \u00e0 Gatineau, au Qu\u00e9bec, ax\u00e9 sur l&rsquo;histoire, la culture et l&rsquo;anthropologie du Canada et soutenant la recherche.\t\t<\/div>\n\t<\/div>\n<\/div>\t\t\t\t\n\t\t\t\t\n\t\t\t\n\t\t\t\t\t<div class=\"c-projectItem\">\n\t<div class=\"c-projectItem__top\">\n\t\t<div class=\"c-projectItem__tags\">\n\t\t\t\t\t\t\t<a class=\"c-tag\" href=\"https:\/\/korbanltd.com\/fr\/project-type\/commercial-fr\/\">Commercial<\/a>\n\t\t\t\t\t<\/div>\n\t\t<a class=\"c-projectItem__thumb\" href=\"https:\/\/korbanltd.com\/fr\/projects\/batiments-dentreposage-de-dymon\/\">\n\t\t\t<img decoding=\"async\" src=\"https:\/\/korbanltd.com\/wp-content\/uploads\/2023\/12\/dymon-storage-00005-1024x630.jpg\" alt=\"B\u00e2timents d&rsquo;entreposage de Dymon\">\n\t\t\t<span class=\"c-projectItem__arrow\">\n\t\t\t\t<svg width=\"16.133749\" height=\"16.13275\" viewBox=\"0 0 16.13375 16.132749\" version=\"1.1\">\n\t\t\t\t\t<g transform=\"translate(-1231.6323,-1075.633)\" id=\"g6\">\n\t\t\t\t\t\t<path d=\"m 16.133,0.687 v 10.436 a 0.687,0.687 0 0 1 -1.374,0 V 2.346 L 1.173,15.931 A 0.68730816,0.68730816 0 0 1 0.2,14.96 L 13.787,1.374 H 5.01 A 0.687,0.687 0 1 1 5.01,0 h 10.435 a 0.687,0.687 0 0 1 0.687,0.687 z\" transform=\"translate(1231.633,1075.633)\"  \/>\n\t\t\t\t\t<\/g>\n\t\t\t\t<\/svg>\n\t\t\t<\/span>\n\t\t<\/a>\n\t<\/div>\n\t<div class=\"c-projectItem__bottom\">\n\t\t<span class=\"c-projectItem__count\"><\/span>\n\t\t<div class=\"c-projectItem__details\">\n\t\t\t<h4><a href=\"https:\/\/korbanltd.com\/fr\/projects\/batiments-dentreposage-de-dymon\/\">B\u00e2timents d&rsquo;entreposage de Dymon<\/a><\/h4>\n\t\t\t<p>B\u00e2timents de stockage Dymon dans la r\u00e9gion de la capitale nationale, y compris les zones commerciales.\t\t<\/div>\n\t<\/div>\n<\/div>\t\t\t\t\n\t\t\t\t\n\t\t\t\n\t\t\t\t\t<div class=\"c-projectItem\">\n\t<div class=\"c-projectItem__top\">\n\t\t<div class=\"c-projectItem__tags\">\n\t\t\t\t\t\t\t<a class=\"c-tag\" href=\"https:\/\/korbanltd.com\/fr\/project-type\/multi-logements\/\">Multi Logements<\/a>\n\t\t\t\t\t<\/div>\n\t\t<a class=\"c-projectItem__thumb\" href=\"https:\/\/korbanltd.com\/fr\/projects\/marche-saint-charles\/\">\n\t\t\t<img decoding=\"async\" src=\"https:\/\/korbanltd.com\/wp-content\/uploads\/2023\/12\/StCharles-1-1024x630.jpg\" alt=\"March\u00e9 Saint-Charles\">\n\t\t\t<span class=\"c-projectItem__arrow\">\n\t\t\t\t<svg width=\"16.133749\" height=\"16.13275\" viewBox=\"0 0 16.13375 16.132749\" version=\"1.1\">\n\t\t\t\t\t<g transform=\"translate(-1231.6323,-1075.633)\" id=\"g6\">\n\t\t\t\t\t\t<path d=\"m 16.133,0.687 v 10.436 a 0.687,0.687 0 0 1 -1.374,0 V 2.346 L 1.173,15.931 A 0.68730816,0.68730816 0 0 1 0.2,14.96 L 13.787,1.374 H 5.01 A 0.687,0.687 0 1 1 5.01,0 h 10.435 a 0.687,0.687 0 0 1 0.687,0.687 z\" transform=\"translate(1231.633,1075.633)\"  \/>\n\t\t\t\t\t<\/g>\n\t\t\t\t<\/svg>\n\t\t\t<\/span>\n\t\t<\/a>\n\t<\/div>\n\t<div class=\"c-projectItem__bottom\">\n\t\t<span class=\"c-projectItem__count\"><\/span>\n\t\t<div class=\"c-projectItem__details\">\n\t\t\t<h4><a href=\"https:\/\/korbanltd.com\/fr\/projects\/marche-saint-charles\/\">March\u00e9 Saint-Charles<\/a><\/h4>\n\t\t\t<p>L&rsquo;\u00e9glise St. Charles, un centre centenaire, se transforme en Charles Market avec des appartements et des espaces commerciaux.\t\t<\/div>\n\t<\/div>\n<\/div>\t\t\t\t\n\t\t\t\t\n\t\t\t\n\t\t\t\t\t<div class=\"c-projectItem\">\n\t<div class=\"c-projectItem__top\">\n\t\t<div class=\"c-projectItem__tags\">\n\t\t\t\t\t\t\t<a class=\"c-tag\" href=\"https:\/\/korbanltd.com\/fr\/project-type\/soins-de-longue-duree\/\">Maison de retraite et appartements<\/a>\n\t\t\t\t\t<\/div>\n\t\t<a class=\"c-projectItem__thumb\" href=\"https:\/\/korbanltd.com\/fr\/projects\/communaute-de-retraite-de-wellington-west\/\">\n\t\t\t<img decoding=\"async\" src=\"https:\/\/korbanltd.com\/wp-content\/uploads\/2023\/12\/wellington-west-6-1024x630.jpg\" alt=\"Communaut\u00e9 de retraite de Wellington West\">\n\t\t\t<span class=\"c-projectItem__arrow\">\n\t\t\t\t<svg width=\"16.133749\" height=\"16.13275\" viewBox=\"0 0 16.13375 16.132749\" version=\"1.1\">\n\t\t\t\t\t<g transform=\"translate(-1231.6323,-1075.633)\" id=\"g6\">\n\t\t\t\t\t\t<path d=\"m 16.133,0.687 v 10.436 a 0.687,0.687 0 0 1 -1.374,0 V 2.346 L 1.173,15.931 A 0.68730816,0.68730816 0 0 1 0.2,14.96 L 13.787,1.374 H 5.01 A 0.687,0.687 0 1 1 5.01,0 h 10.435 a 0.687,0.687 0 0 1 0.687,0.687 z\" transform=\"translate(1231.633,1075.633)\"  \/>\n\t\t\t\t\t<\/g>\n\t\t\t\t<\/svg>\n\t\t\t<\/span>\n\t\t<\/a>\n\t<\/div>\n\t<div class=\"c-projectItem__bottom\">\n\t\t<span class=\"c-projectItem__count\"><\/span>\n\t\t<div class=\"c-projectItem__details\">\n\t\t\t<h4><a href=\"https:\/\/korbanltd.com\/fr\/projects\/communaute-de-retraite-de-wellington-west\/\">Communaut\u00e9 de retraite de Wellington West<\/a><\/h4>\n\t\t\t<p>Communaut\u00e9 de neuf \u00e9tages avec 111 unit\u00e9s diverses ; comprend un \u00e9tage de vie assist\u00e9e pour des soins personnalis\u00e9s.\t\t<\/div>\n\t<\/div>\n<\/div>\t\t\t\t\n\t\t\t\t\n\t\t\t\t<div class=\"c-projectItems__viewAll wp-block-buttons\">\n\t\t\t\t\t<div class=\"wp-block-button is-style-secondary\">\n\t\t\t\t\t\t<a href=\"https:\/\/korbanltd.com\/fr\/projects\/\" class=\"wp-block-button__link\">Voir tous les projets<\/a>\n\t\t\t\t\t<\/div>\n\t\t\t\t<\/div>\n\n\t\t\t<\/div>\n\n\n\n\n        <\/div>\n    <\/div>\n\n\n\n    <div  class=\"c-section c-section--69d6db2490bb2  c-section--md has-primary-100-background-color\" style=\" \">\n                <div class=\"u-wc \">\n            \n\n<h2 class=\"wp-block-heading\">Sp\u00e9cialit\u00e9s<\/h2>\n\n\n\n\n\n\t\n\n\t\t<div class=\"c-specialtiesList js-specialtiesSlider owl-carousel owl-theme\">\n\n\t\t\t\t<div class=\"c-specialtyItem\">\n\t\n\t<a class=\"c-specialtyItem__icon\" href=\"https:\/\/korbanltd.com\/fr\/specialties\/\">\n\t\t<img loading=\"lazy\" decoding=\"async\" width=\"44\" height=\"33\" src=\"https:\/\/korbanltd.com\/wp-content\/uploads\/2023\/11\/drywall.svg\" class=\"attachment-full size-full\" alt=\"\" \/>\t<\/a>\n\t<h4><a href=\"https:\/\/korbanltd.com\/fr\/specialties\/\">Placopl\u00e2tre<\/a><\/h4>\n\t<p>Mat\u00e9riau de construction polyvalent pour les murs, les plafonds et les \u00e9l\u00e9ments architecturaux ; installation rapide, durable, r\u00e9parations faciles.<\/p>\n\t<div class=\"c-specialtyItem__link wp-block-button is-style-secondary\">\n\t\t<a class=\"wp-block-button__link\" href=\"https:\/\/korbanltd.com\/fr\/specialties\/\">En savoir plus<\/a>\n\t<\/div>\n\t\n<\/div><div class=\"c-specialtyItem\">\n\t\n\t<a class=\"c-specialtyItem__icon\" href=\"https:\/\/korbanltd.com\/fr\/specialties\/\">\n\t\t<img loading=\"lazy\" decoding=\"async\" width=\"33\" height=\"36\" src=\"https:\/\/korbanltd.com\/wp-content\/uploads\/2023\/11\/insulation.svg\" class=\"attachment-full size-full\" alt=\"\" \/>\t<\/a>\n\t<h4><a href=\"https:\/\/korbanltd.com\/fr\/specialties\/\">Isolation<\/a><\/h4>\n\t<p>Une installation d&rsquo;isolation efficace assure un contr\u00f4le optimal de la temp\u00e9rature, r\u00e9duisant les co\u00fbts \u00e9nerg\u00e9tiques et am\u00e9liorant le confort \u00e0 l&rsquo;int\u00e9rieur.<\/p>\n\t<div class=\"c-specialtyItem__link wp-block-button is-style-secondary\">\n\t\t<a class=\"wp-block-button__link\" href=\"https:\/\/korbanltd.com\/fr\/specialties\/\">En savoir plus<\/a>\n\t<\/div>\n\t\n<\/div><div class=\"c-specialtyItem\">\n\t\n\t<a class=\"c-specialtyItem__icon\" href=\"https:\/\/korbanltd.com\/fr\/specialties\/\">\n\t\t<img loading=\"lazy\" decoding=\"async\" width=\"45\" height=\"35\" src=\"https:\/\/korbanltd.com\/wp-content\/uploads\/2023\/11\/acoustics.svg\" class=\"attachment-full size-full\" alt=\"\" \/>\t<\/a>\n\t<h4><a href=\"https:\/\/korbanltd.com\/fr\/specialties\/\">Acoustique<\/a><\/h4>\n\t<p>Les installations acoustiques contr\u00f4lent le son, en minimisant la transmission du bruit et en am\u00e9liorant la qualit\u00e9 du son dans l&rsquo;espace gr\u00e2ce aux mat\u00e9riaux et \u00e0 la conception.<\/p>\n\t<div class=\"c-specialtyItem__link wp-block-button is-style-secondary\">\n\t\t<a class=\"wp-block-button__link\" href=\"https:\/\/korbanltd.com\/fr\/specialties\/\">En savoir plus<\/a>\n\t<\/div>\n\t\n<\/div><div class=\"c-specialtyItem\">\n\t\n\t<a class=\"c-specialtyItem__icon\" href=\"https:\/\/korbanltd.com\/fr\/specialties\/\">\n\t\t<img loading=\"lazy\" decoding=\"async\" width=\"35\" height=\"35\" src=\"https:\/\/korbanltd.com\/wp-content\/uploads\/2023\/11\/integrated-ceilings.svg\" class=\"attachment-full size-full\" alt=\"\" \/>\t<\/a>\n\t<h4><a href=\"https:\/\/korbanltd.com\/fr\/specialties\/\">Plafonds int\u00e9gr\u00e9s<\/a><\/h4>\n\t<p>Les plafonds int\u00e9gr\u00e9s rationalisent les services dans les salles d&rsquo;op\u00e9ration, en simplifiant l&rsquo;approvisionnement, l&rsquo;installation et la coordination sur site pour plus d&rsquo;efficacit\u00e9.<\/p>\n\t<div class=\"c-specialtyItem__link wp-block-button is-style-secondary\">\n\t\t<a class=\"wp-block-button__link\" href=\"https:\/\/korbanltd.com\/fr\/specialties\/\">En savoir plus<\/a>\n\t<\/div>\n\t\n<\/div><div class=\"c-specialtyItem\">\n\t\n\t<a class=\"c-specialtyItem__icon\" href=\"https:\/\/korbanltd.com\/fr\/specialties\/\">\n\t\t<img loading=\"lazy\" decoding=\"async\" width=\"40\" height=\"34\" src=\"https:\/\/korbanltd.com\/wp-content\/uploads\/2023\/11\/lath-plaster.svg\" class=\"attachment-full size-full\" alt=\"\" \/>\t<\/a>\n\t<h4><a href=\"https:\/\/korbanltd.com\/fr\/specialties\/\">Lattes et pl\u00e2tre<\/a><\/h4>\n\t<p>La pose de lattes et de pl\u00e2tre permet de cr\u00e9er des murs traditionnels et durables avec une finition textur\u00e9e classique.<\/p>\n\t<div class=\"c-specialtyItem__link wp-block-button is-style-secondary\">\n\t\t<a class=\"wp-block-button__link\" href=\"https:\/\/korbanltd.com\/fr\/specialties\/\">En savoir plus<\/a>\n\t<\/div>\n\t\n<\/div><div class=\"c-specialtyItem\">\n\t\n\t<a class=\"c-specialtyItem__icon\" href=\"https:\/\/korbanltd.com\/fr\/specialties\/\">\n\t\t<img loading=\"lazy\" decoding=\"async\" width=\"35\" height=\"35\" src=\"https:\/\/korbanltd.com\/wp-content\/uploads\/2023\/11\/textured-finish.svg\" class=\"attachment-full size-full\" alt=\"\" \/>\t<\/a>\n\t<h4><a href=\"https:\/\/korbanltd.com\/fr\/specialties\/\">Finitions textur\u00e9es<\/a><\/h4>\n\t<p>L&rsquo;application de finitions textur\u00e9es implique la pulv\u00e9risation et l&rsquo;\u00e9claboussure de rev\u00eatements, cr\u00e9ant une surface rugueuse \u00e0 des fins esth\u00e9tiques.<\/p>\n\t<div class=\"c-specialtyItem__link wp-block-button is-style-secondary\">\n\t\t<a class=\"wp-block-button__link\" href=\"https:\/\/korbanltd.com\/fr\/specialties\/\">En savoir plus<\/a>\n\t<\/div>\n\t\n<\/div><div class=\"c-specialtyItem\">\n\t\n\t<a class=\"c-specialtyItem__icon\" href=\"https:\/\/korbanltd.com\/fr\/specialties\/\">\n\t\t<img loading=\"lazy\" decoding=\"async\" width=\"33\" height=\"44\" src=\"https:\/\/korbanltd.com\/wp-content\/uploads\/2023\/12\/metal-stud-framing.svg\" class=\"attachment-full size-full\" alt=\"metal stud framing\" \/>\t<\/a>\n\t<h4><a href=\"https:\/\/korbanltd.com\/fr\/specialties\/\">Encadrement des colombages m\u00e9talliques<\/a><\/h4>\n\t<p>Fournir des solutions d&rsquo;ossature m\u00e9tallique et de montants en acier pour diverses conceptions de murs et de plafonds.<\/p>\n\t<div class=\"c-specialtyItem__link wp-block-button is-style-secondary\">\n\t\t<a class=\"wp-block-button__link\" href=\"https:\/\/korbanltd.com\/fr\/specialties\/\">En savoir plus<\/a>\n\t<\/div>\n\t\n<\/div>\n\n\t\t<\/div>\n\n\n\n\n        <\/div>\n    <\/div>\n\n\n\n    <div  class=\"c-section c-section--69d6db2491ae8  u-line-style-2 c-section--noTopPadding c-section--md has-black-background-color\" style=\" \">\n                <div class=\"u-wc \">\n            \n\n<div class=\"wp-block-media-text is-stacked-on-mobile\"><figure class=\"wp-block-media-text__media\"><img loading=\"lazy\" decoding=\"async\" width=\"1024\" height=\"600\" src=\"https:\/\/korbanltd.com\/wp-content\/uploads\/2023\/11\/about-hero-1-1024x600.jpg\" alt=\"\" class=\"wp-image-115 size-full\" srcset=\"https:\/\/korbanltd.com\/wp-content\/uploads\/2023\/11\/about-hero-1-1024x600.jpg 1024w, https:\/\/korbanltd.com\/wp-content\/uploads\/2023\/11\/about-hero-1-300x176.jpg 300w, https:\/\/korbanltd.com\/wp-content\/uploads\/2023\/11\/about-hero-1-768x450.jpg 768w, https:\/\/korbanltd.com\/wp-content\/uploads\/2023\/11\/about-hero-1-1536x900.jpg 1536w, https:\/\/korbanltd.com\/wp-content\/uploads\/2023\/11\/about-hero-1-2048x1200.jpg 2048w, https:\/\/korbanltd.com\/wp-content\/uploads\/2023\/11\/about-hero-1-1600x938.jpg 1600w\" sizes=\"auto, (max-width: 1024px) 100vw, 1024px\" \/><\/figure><div class=\"wp-block-media-text__content\">\n<h2 class=\"wp-block-heading\">\u00c0 <mark style=\"background-color:#527F56\" class=\"has-inline-color\">PROPOS<\/mark><\/h2>\n\n\n\n<p>Fond\u00e9e par Denis Lefebvre en 1976, Korban est n\u00e9e de la vision de cr\u00e9er la meilleure entreprise en Syst\u00e8me Int\u00e9rieur d\u2019Ottawa. En raison de son engagement envers la qualit\u00e9 et le savoir-faire, l\u2019entreprise s\u2019est rapidement fait conna\u00eetre dans le milieu de la construction \u00e0 Ottawa. En contribuant \u00e0 des projets embl\u00e9matiques tels que le Mus\u00e9e des beaux-arts du Canada et le Mus\u00e9e canadien de l`Histoire. Aujourd\u2019hui, maintenant dirig\u00e9e par son fils Patrick, l\u2019entreprise reste fid\u00e8le \u00e0 sa promesse de fournir un service et une qualit\u00e9 exceptionnels. Avec une \u00e9quipe hautement qualifi\u00e9e, ils continuent \u00e0 jouer un r\u00f4le important dans le d\u00e9veloppement d\u2019Ottawa, restant fid\u00e8les \u00e0 la vision de leur fondateur apr\u00e8s plus de 48 ans.<\/p>\n\n\n\n<div class=\"wp-block-buttons is-layout-flex wp-block-buttons-is-layout-flex\">\n<div class=\"wp-block-button is-style-secondary\"><a class=\"wp-block-button__link wp-element-button\" href=\"https:\/\/korbanltd.com\/fr\/a-propos\/\">Lire notre article complet<\/a><\/div>\n<\/div>\n<\/div><\/div>\n\n\n        <\/div>\n    <\/div>\n\n\n\n<p><\/p>\n","protected":false},"excerpt":{"rendered":"","protected":false},"author":1,"featured_media":0,"parent":0,"menu_order":0,"comment_status":"closed","ping_status":"closed","template":"","meta":{"inline_featured_image":false,"footnotes":""},"class_list":["post-367","page","type-page","status-publish","hentry"],"acf":[],"_links":{"self":[{"href":"https:\/\/korbanltd.com\/fr\/wp-json\/wp\/v2\/pages\/367","targetHints":{"allow":["GET"]}}],"collection":[{"href":"https:\/\/korbanltd.com\/fr\/wp-json\/wp\/v2\/pages"}],"about":[{"href":"https:\/\/korbanltd.com\/fr\/wp-json\/wp\/v2\/types\/page"}],"author":[{"embeddable":true,"href":"https:\/\/korbanltd.com\/fr\/wp-json\/wp\/v2\/users\/1"}],"replies":[{"embeddable":true,"href":"https:\/\/korbanltd.com\/fr\/wp-json\/wp\/v2\/comments?post=367"}],"version-history":[{"count":32,"href":"https:\/\/korbanltd.com\/fr\/wp-json\/wp\/v2\/pages\/367\/revisions"}],"predecessor-version":[{"id":852,"href":"https:\/\/korbanltd.com\/fr\/wp-json\/wp\/v2\/pages\/367\/revisions\/852"}],"wp:attachment":[{"href":"https:\/\/korbanltd.com\/fr\/wp-json\/wp\/v2\/media?parent=367"}],"curies":[{"name":"wp","href":"https:\/\/api.w.org\/{rel}","templated":true}]}}