{"id":366,"date":"2023-11-02T13:53:02","date_gmt":"2023-11-02T13:53:02","guid":{"rendered":"https:\/\/korban.mcmillanfreelance.ca\/nous-contacter\/"},"modified":"2023-12-12T15:06:58","modified_gmt":"2023-12-12T15:06:58","slug":"nous-contacter","status":"publish","type":"page","link":"https:\/\/korbanltd.com\/fr\/nous-contacter\/","title":{"rendered":"Nous Joindre"},"content":{"rendered":"\n    <div  class=\"c-section c-section--69d7055b0b863  u-line-style-6 c-section--md has-black-background-color\" style=\" \">\n                <div class=\"u-wc \">\n            \n\n<h1 class=\"wp-block-heading has-text-align-center\">Nous <mark style=\"background-color:#527F56\" class=\"has-inline-color\">Joindre<\/mark><\/h1>\n\n\n        <\/div>\n    <\/div>\n\n    <div  class=\"c-section c-section--69d7055b1101b  c-section--md\" style=\" \">\n                <div class=\"u-wc \">\n            \n\n<h2 class=\"wp-block-heading\">Parlons<\/h2>\n\n\n\n<div class=\"wp-block-columns is-layout-flex wp-block-columns-is-layout-flex\">\n<div class=\"wp-block-column is-layout-flow wp-block-column-is-layout-flow\" style=\"flex-basis:33.33%\">\n<h4 class=\"wp-block-heading\">Bureau<\/h4>\n\n\n\n<p class=\"has-lg-font-size\">613-747-7899  <br\/>info@korbanltd.com<\/p>\n\n\n\n<p class=\"has-lg-font-size\">42-5450 Canotek Rd,  <br\/>Ottawa, Ontario, K1J 9G2<\/p>\n\n\n\n<div class=\"wp-block-buttons u-mt-0 is-layout-flex wp-block-buttons-is-layout-flex\">\n<div class=\"wp-block-button is-style-secondary\"><a class=\"wp-block-button__link wp-element-button\" href=\"https:\/\/www.google.ca\/maps\/place\/5450+Canotek+Rd+Unit+42,+Ottawa,+ON+K1J+9G2\/@45.459042,-75.5850808,17z\/data=!3m1!4b1!4m6!3m5!1s0x4cce103113afdcd3:0x246e1b4a68e73a9c!8m2!3d45.459042!4d-75.5825005!16s%2Fg%2F11klnn59sm?entry=ttu\" target=\"_blank\" rel=\"noreferrer noopener\">Voir sur la carte<\/a><\/div>\n<\/div>\n\n\n\n<h4 class=\"wp-block-heading\">Heures<\/h4>\n\n\n\n<p class=\"has-lg-font-size\">Du lundi au vendredi<br\/>8:30am &#8211; 5:00pm<\/p>\n<\/div>\n\n\n\n<div class=\"wp-block-column is-layout-flow wp-block-column-is-layout-flow\" style=\"flex-basis:66.66%\">\n<p class=\"has-lg-font-size\">Pour faire une demande de soumissions ou pour toutes demande g\u00e9n\u00e9ral, veuillez compl\u00e9ter le formulaire ci-dessous et nous vous mettrons en contacte sous peu avec le service d\u00e9sir\u00e9. Pour les demandes d&#8217;emplois veuillez consulter notre page intituler <a href=\"https:\/\/korbanltd.com\/fr\/a-propos\/#careers\" data-type=\"page\" data-id=\"11\">Appliquer Maintenat.<\/a><\/p>\n\n\n\n<div class=\"wp-block-contact-form-7-contact-form-selector has-primary-100-background-color\">\n<div class=\"wpcf7 no-js\" id=\"wpcf7-f377-o1\" lang=\"fr-FR\" dir=\"ltr\">\n<div class=\"screen-reader-response\"><p role=\"status\" aria-live=\"polite\" aria-atomic=\"true\"><\/p> <ul><\/ul><\/div>\n<form action=\"\/fr\/wp-json\/wp\/v2\/pages\/366#wpcf7-f377-o1\" method=\"post\" class=\"wpcf7-form init\" aria-label=\"Formulaire de contact\" novalidate=\"novalidate\" data-status=\"init\">\n<div style=\"display: none;\">\n<input type=\"hidden\" name=\"_wpcf7\" value=\"377\" \/>\n<input type=\"hidden\" name=\"_wpcf7_version\" value=\"5.8.4\" \/>\n<input type=\"hidden\" name=\"_wpcf7_locale\" value=\"fr_FR\" \/>\n<input type=\"hidden\" name=\"_wpcf7_unit_tag\" value=\"wpcf7-f377-o1\" \/>\n<input type=\"hidden\" name=\"_wpcf7_container_post\" value=\"0\" \/>\n<input type=\"hidden\" name=\"_wpcf7_posted_data_hash\" value=\"\" \/>\n<input type=\"hidden\" name=\"_wpcf7_recaptcha_response\" value=\"\" \/>\n<\/div>\n<label>Nom*<\/label>\n<span class=\"wpcf7-form-control-wrap\" data-name=\"your-name\"><input size=\"40\" class=\"wpcf7-form-control wpcf7-text wpcf7-validates-as-required\" aria-required=\"true\" aria-invalid=\"false\" placeholder=\"Saisissez votre nom complet\" value=\"\" type=\"text\" name=\"your-name\" \/><\/span>\n\n<label>Entreprise<\/label>\n<span class=\"wpcf7-form-control-wrap\" data-name=\"your-company\"><input size=\"40\" class=\"wpcf7-form-control wpcf7-text\" aria-invalid=\"false\" placeholder=\"Nom de l&#039;entreprise (le cas \u00e9ch\u00e9ant)\" value=\"\" type=\"text\" name=\"your-company\" \/><\/span>\n\n<label>Courriel*<\/label>\n<span class=\"wpcf7-form-control-wrap\" data-name=\"your-email\"><input size=\"40\" class=\"wpcf7-form-control wpcf7-email wpcf7-validates-as-required wpcf7-text wpcf7-validates-as-email\" aria-required=\"true\" aria-invalid=\"false\" placeholder=\"Num\u00e9ro de t\u00e9l\u00e9phone\" value=\"\" type=\"email\" name=\"your-email\" \/><\/span> <\/label>\n\n<label>Num\u00e9ro de t\u00e9l\u00e9phone<\/label>\n<span class=\"wpcf7-form-control-wrap\" data-name=\"your-phone\"><input size=\"40\" class=\"wpcf7-form-control wpcf7-text\" aria-invalid=\"false\" placeholder=\"XXX-XXX-XXXX\" value=\"\" type=\"text\" name=\"your-phone\" \/><\/span>\n\n<label>Message<\/label>\n<span class=\"wpcf7-form-control-wrap\" data-name=\"your-message\"><textarea cols=\"40\" rows=\"10\" class=\"wpcf7-form-control wpcf7-textarea\" aria-invalid=\"false\" placeholder=\"Saisissez vos questions ou commentaires\" name=\"your-message\"><\/textarea><\/span>\n\n<button type=\"submit\" class=\"wpcf7-form-control wpcf7-submit wp-block-button__link\">Soumettre<\/button><div class=\"wpcf7-response-output\" aria-hidden=\"true\"><\/div>\n<\/form>\n<\/div>\n<\/div>\n<\/div>\n<\/div>\n\n\n        <\/div>\n    <\/div>\n","protected":false},"excerpt":{"rendered":"","protected":false},"author":1,"featured_media":0,"parent":0,"menu_order":0,"comment_status":"closed","ping_status":"closed","template":"","meta":{"inline_featured_image":false,"footnotes":""},"class_list":["post-366","page","type-page","status-publish","hentry"],"acf":[],"_links":{"self":[{"href":"https:\/\/korbanltd.com\/fr\/wp-json\/wp\/v2\/pages\/366","targetHints":{"allow":["GET"]}}],"collection":[{"href":"https:\/\/korbanltd.com\/fr\/wp-json\/wp\/v2\/pages"}],"about":[{"href":"https:\/\/korbanltd.com\/fr\/wp-json\/wp\/v2\/types\/page"}],"author":[{"embeddable":true,"href":"https:\/\/korbanltd.com\/fr\/wp-json\/wp\/v2\/users\/1"}],"replies":[{"embeddable":true,"href":"https:\/\/korbanltd.com\/fr\/wp-json\/wp\/v2\/comments?post=366"}],"version-history":[{"count":19,"href":"https:\/\/korbanltd.com\/fr\/wp-json\/wp\/v2\/pages\/366\/revisions"}],"predecessor-version":[{"id":773,"href":"https:\/\/korbanltd.com\/fr\/wp-json\/wp\/v2\/pages\/366\/revisions\/773"}],"wp:attachment":[{"href":"https:\/\/korbanltd.com\/fr\/wp-json\/wp\/v2\/media?parent=366"}],"curies":[{"name":"wp","href":"https:\/\/api.w.org\/{rel}","templated":true}]}}