{"id":362,"date":"2023-11-02T13:52:46","date_gmt":"2023-11-02T13:52:46","guid":{"rendered":"https:\/\/korban.mcmillanfreelance.ca\/specialites\/"},"modified":"2023-12-11T13:16:31","modified_gmt":"2023-12-11T13:16:31","slug":"specialites","status":"publish","type":"page","link":"https:\/\/korbanltd.com\/fr\/specialites\/","title":{"rendered":"Sp\u00e9cialit\u00e9s"},"content":{"rendered":"\n    <div  class=\"c-section c-section--69d7070f89cf6  u-line-style-6 c-section--md has-black-background-color\" style=\" \">\n                <div class=\"u-wc \">\n            \n\n<h1 class=\"wp-block-heading has-text-align-center\">Nos <mark style=\"background-color:#527F56\" class=\"has-inline-color\">sp\u00e9cialit\u00e9s<\/mark><\/h1>\n\n\n        <\/div>\n    <\/div>\n\n    <div  class=\"c-section c-section--69d7070fa4329  c-section--md\" style=\" \">\n                <div class=\"u-wc \">\n            \n\n\n\n\t\n\n\t\t<div class=\"c-specialtiesList \">\n\n\t\t\t\t<div class=\"c-specialtyItem2\">\n\t<div class=\"c-specialtyItem2__header\">\n\t\t<span class=\"c-specialtyItem2__icon\">\n\t\t\t<img loading=\"lazy\" decoding=\"async\" width=\"44\" height=\"33\" src=\"https:\/\/korbanltd.com\/wp-content\/uploads\/2023\/11\/drywall.svg\" class=\"attachment-full size-full\" alt=\"\" \/>\t\t<\/span>\n\t\t<h3>Placopl\u00e2tre<\/h3>\n\t<\/div>\n\t\n<p>Transformez votre espace gr\u00e2ce \u00e0 nos experts en pose de cloisons s\u00e8ches ! Notre \u00e9quipe qualifi\u00e9e, dirig\u00e9e par des artisans exp\u00e9riment\u00e9s, assure une installation rapide et sans faille pour une finition soign\u00e9e qui s&rsquo;harmonise avec n&rsquo;importe quel design. Faites confiance \u00e0 la durabilit\u00e9 de nos solutions con\u00e7ues pour r\u00e9sister \u00e0 l&rsquo;\u00e9preuve du temps. Comptez sur nous pour des installations de cloisons s\u00e8ches fiables, efficaces et esth\u00e9tiques qui donnent vie \u00e0 votre vision !<\/p>\n\t\n<\/div><div class=\"c-specialtyItem2\">\n\t<div class=\"c-specialtyItem2__header\">\n\t\t<span class=\"c-specialtyItem2__icon\">\n\t\t\t<img loading=\"lazy\" decoding=\"async\" width=\"33\" height=\"36\" src=\"https:\/\/korbanltd.com\/wp-content\/uploads\/2023\/11\/insulation.svg\" class=\"attachment-full size-full\" alt=\"\" \/>\t\t<\/span>\n\t\t<h3>Isolation<\/h3>\n\t<\/div>\n\t\n<p>Des services d&rsquo;installation d&rsquo;isolation efficaces jouent un r\u00f4le essentiel dans la gestion id\u00e9ale de la temp\u00e9rature, la r\u00e9duction des d\u00e9penses \u00e9nerg\u00e9tiques et l&rsquo;am\u00e9lioration du confort int\u00e9rieur. Des installateurs experts utilisent des techniques pr\u00e9cises pour assurer une isolation sans faille, cr\u00e9ant une barri\u00e8re thermique qui am\u00e9liore l&rsquo;efficacit\u00e9 \u00e9nerg\u00e9tique. Des services d&rsquo;installation de qualit\u00e9 font partie int\u00e9grante de la maximisation des avantages de l&rsquo;isolation pour un environnement de vie durable et confortable.<\/p>\n\t\n<\/div><div class=\"c-specialtyItem2\">\n\t<div class=\"c-specialtyItem2__header\">\n\t\t<span class=\"c-specialtyItem2__icon\">\n\t\t\t<img loading=\"lazy\" decoding=\"async\" width=\"45\" height=\"35\" src=\"https:\/\/korbanltd.com\/wp-content\/uploads\/2023\/11\/acoustics.svg\" class=\"attachment-full size-full\" alt=\"\" \/>\t\t<\/span>\n\t\t<h3>Acoustique<\/h3>\n\t<\/div>\n\t\n<p>Les installations acoustiques strat\u00e9giques g\u00e8rent efficacement le son, en att\u00e9nuant la transmission du bruit et en am\u00e9liorant la qualit\u00e9 sonore de l&rsquo;espace gr\u00e2ce \u00e0 une s\u00e9lection de mat\u00e9riaux et \u00e0 une conception r\u00e9fl\u00e9chies. Ces installations cr\u00e9ent un environnement acoustique optimis\u00e9 en minimisant les perturbations et en garantissant une ambiance sereine, am\u00e9liorant ainsi l&rsquo;exp\u00e9rience auditive globale dans un espace donn\u00e9.<\/p>\n\t\n<\/div><div class=\"c-specialtyItem2\">\n\t<div class=\"c-specialtyItem2__header\">\n\t\t<span class=\"c-specialtyItem2__icon\">\n\t\t\t<img loading=\"lazy\" decoding=\"async\" width=\"35\" height=\"35\" src=\"https:\/\/korbanltd.com\/wp-content\/uploads\/2023\/11\/integrated-ceilings.svg\" class=\"attachment-full size-full\" alt=\"\" \/>\t\t<\/span>\n\t\t<h3>Plafonds int\u00e9gr\u00e9s<\/h3>\n\t<\/div>\n\t\n<p>Les plafonds int\u00e9gr\u00e9s r\u00e9volutionnent les salles d&rsquo;op\u00e9ration en rationalisant les services, en simplifiant les cha\u00eenes d&rsquo;approvisionnement, en facilitant une installation rapide et en optimisant la coordination sur place. Cette approche globale am\u00e9liore l&rsquo;efficacit\u00e9 op\u00e9rationnelle, garantissant un environnement homog\u00e8ne et organis\u00e9 pour les professionnels de la sant\u00e9. La conception int\u00e9gr\u00e9e du plafond favorise un flux de travail plus fluide, ce qui profite en fin de compte aux soins des patients et aux proc\u00e9dures chirurgicales.<\/p>\n\t\n<\/div><div class=\"c-specialtyItem2\">\n\t<div class=\"c-specialtyItem2__header\">\n\t\t<span class=\"c-specialtyItem2__icon\">\n\t\t\t<img loading=\"lazy\" decoding=\"async\" width=\"40\" height=\"34\" src=\"https:\/\/korbanltd.com\/wp-content\/uploads\/2023\/11\/lath-plaster.svg\" class=\"attachment-full size-full\" alt=\"\" \/>\t\t<\/span>\n\t\t<h3>Lattes et pl\u00e2tre<\/h3>\n\t<\/div>\n\t\n<p>La pose de lattes et de pl\u00e2tre est une m\u00e9thode ancestrale r\u00e9put\u00e9e pour la cr\u00e9ation de murs durables qui d\u00e9gagent un charme intemporel avec une finition textur\u00e9e classique. M\u00e9ticuleusement ex\u00e9cut\u00e9e par des artisans qualifi\u00e9s, cette technique consiste \u00e0 fixer des lattes de bois avant d&rsquo;appliquer plusieurs couches de pl\u00e2tre, ce qui permet d&rsquo;obtenir une structure robuste et une surface magnifiquement textur\u00e9e qui r\u00e9siste \u00e0 l&rsquo;\u00e9preuve du temps.<\/p>\n\t\n<\/div><div class=\"c-specialtyItem2\">\n\t<div class=\"c-specialtyItem2__header\">\n\t\t<span class=\"c-specialtyItem2__icon\">\n\t\t\t<img loading=\"lazy\" decoding=\"async\" width=\"35\" height=\"35\" src=\"https:\/\/korbanltd.com\/wp-content\/uploads\/2023\/11\/textured-finish.svg\" class=\"attachment-full size-full\" alt=\"\" \/>\t\t<\/span>\n\t\t<h3>Finitions textur\u00e9es<\/h3>\n\t<\/div>\n\t\n<p>L&rsquo;application de finitions textur\u00e9es est un processus complexe qui fait appel \u00e0 la pulv\u00e9risation et \u00e0 l&rsquo;\u00e9claboussure de rev\u00eatements sur les surfaces, afin de cr\u00e9er m\u00e9ticuleusement une texture rugueuse visuellement attrayante. Les installateurs experts ma\u00eetrisent cette technique, ce qui permet d&rsquo;obtenir une surface homog\u00e8ne et artistiquement rugueuse. Il en r\u00e9sulte non seulement un attrait esth\u00e9tique, mais aussi une richesse tactile qui rehausse l&rsquo;exp\u00e9rience visuelle globale.<\/p>\n\t\n<\/div><div class=\"c-specialtyItem2\">\n\t<div class=\"c-specialtyItem2__header\">\n\t\t<span class=\"c-specialtyItem2__icon\">\n\t\t\t<img loading=\"lazy\" decoding=\"async\" width=\"33\" height=\"44\" src=\"https:\/\/korbanltd.com\/wp-content\/uploads\/2023\/12\/metal-stud-framing.svg\" class=\"attachment-full size-full\" alt=\"metal stud framing\" \/>\t\t<\/span>\n\t\t<h3>Encadrement des colombages m\u00e9talliques<\/h3>\n\t<\/div>\n\t\n<p>Nous sommes sp\u00e9cialis\u00e9s dans la fourniture de solutions compl\u00e8tes de charpente m\u00e9tallique et de montants en acier, con\u00e7ues pour r\u00e9pondre \u00e0 un large \u00e9ventail de conceptions de murs et de plafonds. Notre expertise s&rsquo;\u00e9tend aux applications lourdes et l\u00e9g\u00e8res, garantissant l&rsquo;int\u00e9grit\u00e9 structurelle et la pr\u00e9cision de la construction. Faites-nous confiance pour des solutions d&rsquo;encadrement polyvalentes et fiables qui r\u00e9pondent aux exigences sp\u00e9cifiques de votre projet.<\/p>\n\t\n<\/div>\n\n\t\t<\/div>\n\n\n\n\n        <\/div>\n    <\/div>\n\n    <div  class=\"c-section c-section--69d7070fae0b0  c-section--noTopPadding c-section--noBottomPadding c-section--md\" style=\" \">\n                <div class=\"u-wc u-wc--full\">\n            \n\n<figure class=\"wp-block-image size-large is-style-full\"><img loading=\"lazy\" decoding=\"async\" width=\"1024\" height=\"497\" src=\"https:\/\/korbanltd.com\/wp-content\/uploads\/2023\/11\/specialties-1024x497.jpg\" alt=\"\" class=\"wp-image-261\" srcset=\"https:\/\/korbanltd.com\/wp-content\/uploads\/2023\/11\/specialties-1024x497.jpg 1024w, https:\/\/korbanltd.com\/wp-content\/uploads\/2023\/11\/specialties-300x146.jpg 300w, https:\/\/korbanltd.com\/wp-content\/uploads\/2023\/11\/specialties-768x372.jpg 768w, https:\/\/korbanltd.com\/wp-content\/uploads\/2023\/11\/specialties-1536x745.jpg 1536w, https:\/\/korbanltd.com\/wp-content\/uploads\/2023\/11\/specialties.jpg 1600w\" sizes=\"auto, (max-width: 1024px) 100vw, 1024px\" \/><\/figure>\n\n\n        <\/div>\n    <\/div>\n","protected":false},"excerpt":{"rendered":"","protected":false},"author":1,"featured_media":0,"parent":0,"menu_order":0,"comment_status":"closed","ping_status":"closed","template":"","meta":{"inline_featured_image":false,"footnotes":""},"class_list":["post-362","page","type-page","status-publish","hentry"],"acf":[],"_links":{"self":[{"href":"https:\/\/korbanltd.com\/fr\/wp-json\/wp\/v2\/pages\/362","targetHints":{"allow":["GET"]}}],"collection":[{"href":"https:\/\/korbanltd.com\/fr\/wp-json\/wp\/v2\/pages"}],"about":[{"href":"https:\/\/korbanltd.com\/fr\/wp-json\/wp\/v2\/types\/page"}],"author":[{"embeddable":true,"href":"https:\/\/korbanltd.com\/fr\/wp-json\/wp\/v2\/users\/1"}],"replies":[{"embeddable":true,"href":"https:\/\/korbanltd.com\/fr\/wp-json\/wp\/v2\/comments?post=362"}],"version-history":[{"count":5,"href":"https:\/\/korbanltd.com\/fr\/wp-json\/wp\/v2\/pages\/362\/revisions"}],"predecessor-version":[{"id":712,"href":"https:\/\/korbanltd.com\/fr\/wp-json\/wp\/v2\/pages\/362\/revisions\/712"}],"wp:attachment":[{"href":"https:\/\/korbanltd.com\/fr\/wp-json\/wp\/v2\/media?parent=362"}],"curies":[{"name":"wp","href":"https:\/\/api.w.org\/{rel}","templated":true}]}}